{"id":14407,"date":"2025-12-07T20:05:49","date_gmt":"2025-12-07T20:05:49","guid":{"rendered":"https:\/\/artlyeg.com\/amarnatravel\/ucus-rezervasyonu-yapin\/"},"modified":"2026-03-30T18:34:12","modified_gmt":"2026-03-30T18:34:12","slug":"ucus-rezervasyonu-yapin","status":"publish","type":"page","link":"https:\/\/amarnatravel.com\/tr\/ucus-rezervasyonu-yapin\/","title":{"rendered":"U\u00e7u\u015f rezervasyonu"},"content":{"rendered":"\t\t<div data-elementor-type=\"wp-page\" data-elementor-id=\"14407\" class=\"elementor elementor-14407 elementor-12370\" data-elementor-post-type=\"page\">\n\t\t\t\t<div class=\"elementor-element elementor-element-4f0685a e-flex e-con-boxed e-con e-parent\" data-id=\"4f0685a\" data-element_type=\"container\" data-e-type=\"container\" data-settings=\"{&quot;background_background&quot;:&quot;slideshow&quot;,&quot;background_slideshow_gallery&quot;:[{&quot;id&quot;:14266,&quot;url&quot;:&quot;https:\\\/\\\/amarnatravel.com\\\/wp-content\\\/uploads\\\/2025\\\/12\\\/2193515508_f.jpg&quot;},{&quot;id&quot;:14267,&quot;url&quot;:&quot;https:\\\/\\\/amarnatravel.com\\\/wp-content\\\/uploads\\\/2025\\\/12\\\/2206993378_f.jpg&quot;},{&quot;id&quot;:14268,&quot;url&quot;:&quot;https:\\\/\\\/amarnatravel.com\\\/wp-content\\\/uploads\\\/2025\\\/12\\\/2198014110_f.jpg&quot;}],&quot;background_slideshow_loop&quot;:&quot;yes&quot;,&quot;background_slideshow_slide_duration&quot;:5000,&quot;background_slideshow_slide_transition&quot;:&quot;fade&quot;,&quot;background_slideshow_transition_duration&quot;:500}\">\n\t\t\t\t\t<div class=\"e-con-inner\">\n\t\t\t\t\t<\/div>\n\t\t\t\t<\/div>\n\t\t<div class=\"elementor-element elementor-element-f3154c5 e-flex e-con-boxed e-con e-parent\" data-id=\"f3154c5\" data-element_type=\"container\" data-e-type=\"container\">\n\t\t\t\t\t<div class=\"e-con-inner\">\n\t\t<div class=\"elementor-element elementor-element-15baaf4 e-grid e-con-full e-con e-child\" data-id=\"15baaf4\" data-element_type=\"container\" data-e-type=\"container\">\n\t\t<div class=\"elementor-element elementor-element-1b065bf e-con-full e-flex e-con e-child\" data-id=\"1b065bf\" data-element_type=\"container\" data-e-type=\"container\">\n\t\t<div class=\"elementor-element elementor-element-8dcae70 e-grid e-con-full e-con e-child\" data-id=\"8dcae70\" data-element_type=\"container\" data-e-type=\"container\">\n\t\t\t\t<div class=\"elementor-element elementor-element-8142da2 elementor-view-default elementor-mobile-position-top elementor-vertical-align-top elementor-widget elementor-widget-icon-box\" data-id=\"8142da2\" data-element_type=\"widget\" data-e-type=\"widget\" data-widget_type=\"icon-box.default\">\n\t\t\t\t<div class=\"elementor-widget-container\">\n\t\t\t\t\t            <div class=\"elementor-icon-box-wrapper \">\r\n                                                        <div class=\"elementor-icon-box-icon\">\r\n                        <span class=\"elementor-icon elementor-animation-\" >\r\n                        <svg aria-hidden=\"true\" class=\"e-font-icon-svg e-fas-plane-departure\" viewBox=\"0 0 640 512\" xmlns=\"http:\/\/www.w3.org\/2000\/svg\"><path d=\"M624 448H16c-8.84 0-16 7.16-16 16v32c0 8.84 7.16 16 16 16h608c8.84 0 16-7.16 16-16v-32c0-8.84-7.16-16-16-16zM80.55 341.27c6.28 6.84 15.1 10.72 24.33 10.71l130.54-.18a65.62 65.62 0 0 0 29.64-7.12l290.96-147.65c26.74-13.57 50.71-32.94 67.02-58.31 18.31-28.48 20.3-49.09 13.07-63.65-7.21-14.57-24.74-25.27-58.25-27.45-29.85-1.94-59.54 5.92-86.28 19.48l-98.51 49.99-218.7-82.06a17.799 17.799 0 0 0-18-1.11L90.62 67.29c-10.67 5.41-13.25 19.65-5.17 28.53l156.22 98.1-103.21 52.38-72.35-36.47a17.804 17.804 0 0 0-16.07.02L9.91 230.22c-10.44 5.3-13.19 19.12-5.57 28.08l76.21 82.97z\"><\/path><\/svg>                        <\/span>\r\n                    <\/div>\r\n                                     \r\n                <div class=\"elementor-icon-box-content\">\r\n                                       <h3 class=\"elementor-icon-box-title \">\r\n                        <span   style=\"display:block;\">\r\n                       \r\n                         sorunsuz planlama                        <\/span>\r\n                    <\/h3>\r\n                                    <\/div>\r\n            <\/div>\r\n            \t\t\t\t<\/div>\n\t\t\t\t<\/div>\n\t\t\t\t<div class=\"elementor-element elementor-element-052c8a1 elementor-widget elementor-widget-heading\" data-id=\"052c8a1\" data-element_type=\"widget\" data-e-type=\"widget\" data-widget_type=\"heading.default\">\n\t\t\t\t<div class=\"elementor-widget-container\">\n\t\t\t\t\t<h2 class=\"elementor-heading-title elementor-size-default\">01<\/h2>\t\t\t\t<\/div>\n\t\t\t\t<\/div>\n\t\t\t\t<\/div>\n\t\t\t\t<\/div>\n\t\t<div class=\"elementor-element elementor-element-061d9d0 e-con-full e-flex e-con e-child\" data-id=\"061d9d0\" data-element_type=\"container\" data-e-type=\"container\">\n\t\t<div class=\"elementor-element elementor-element-6867f8d e-grid e-con-full e-con e-child\" data-id=\"6867f8d\" data-element_type=\"container\" data-e-type=\"container\">\n\t\t\t\t<div class=\"elementor-element elementor-element-9d9ab1e elementor-view-default elementor-mobile-position-top elementor-vertical-align-top elementor-widget elementor-widget-icon-box\" data-id=\"9d9ab1e\" data-element_type=\"widget\" data-e-type=\"widget\" data-widget_type=\"icon-box.default\">\n\t\t\t\t<div class=\"elementor-widget-container\">\n\t\t\t\t\t            <div class=\"elementor-icon-box-wrapper \">\r\n                                                        <div class=\"elementor-icon-box-icon\">\r\n                        <span class=\"elementor-icon elementor-animation-\" >\r\n                        <svg aria-hidden=\"true\" class=\"e-font-icon-svg e-fas-map-marked-alt\" viewBox=\"0 0 576 512\" xmlns=\"http:\/\/www.w3.org\/2000\/svg\"><path d=\"M288 0c-69.59 0-126 56.41-126 126 0 56.26 82.35 158.8 113.9 196.02 6.39 7.54 17.82 7.54 24.2 0C331.65 284.8 414 182.26 414 126 414 56.41 357.59 0 288 0zm0 168c-23.2 0-42-18.8-42-42s18.8-42 42-42 42 18.8 42 42-18.8 42-42 42zM20.12 215.95A32.006 32.006 0 0 0 0 245.66v250.32c0 11.32 11.43 19.06 21.94 14.86L160 448V214.92c-8.84-15.98-16.07-31.54-21.25-46.42L20.12 215.95zM288 359.67c-14.07 0-27.38-6.18-36.51-16.96-19.66-23.2-40.57-49.62-59.49-76.72v182l192 64V266c-18.92 27.09-39.82 53.52-59.49 76.72-9.13 10.77-22.44 16.95-36.51 16.95zm266.06-198.51L416 224v288l139.88-55.95A31.996 31.996 0 0 0 576 426.34V176.02c0-11.32-11.43-19.06-21.94-14.86z\"><\/path><\/svg>                        <\/span>\r\n                    <\/div>\r\n                                     \r\n                <div class=\"elementor-icon-box-content\">\r\n                                       <h3 class=\"elementor-icon-box-title \">\r\n                        <span   style=\"display:block;\">\r\n                       \r\n                         Yerel deneyim                        <\/span>\r\n                    <\/h3>\r\n                                    <\/div>\r\n            <\/div>\r\n            \t\t\t\t<\/div>\n\t\t\t\t<\/div>\n\t\t\t\t<div class=\"elementor-element elementor-element-a8fad2b elementor-widget elementor-widget-heading\" data-id=\"a8fad2b\" data-element_type=\"widget\" data-e-type=\"widget\" data-widget_type=\"heading.default\">\n\t\t\t\t<div class=\"elementor-widget-container\">\n\t\t\t\t\t<h2 class=\"elementor-heading-title elementor-size-default\">02<\/h2>\t\t\t\t<\/div>\n\t\t\t\t<\/div>\n\t\t\t\t<\/div>\n\t\t\t\t<\/div>\n\t\t<div class=\"elementor-element elementor-element-24bf502 e-con-full e-flex e-con e-child\" data-id=\"24bf502\" data-element_type=\"container\" data-e-type=\"container\">\n\t\t<div class=\"elementor-element elementor-element-c3b4ca9 e-grid e-con-full e-con e-child\" data-id=\"c3b4ca9\" data-element_type=\"container\" data-e-type=\"container\">\n\t\t\t\t<div class=\"elementor-element elementor-element-061e15c elementor-view-default elementor-mobile-position-top elementor-vertical-align-top elementor-widget elementor-widget-icon-box\" data-id=\"061e15c\" data-element_type=\"widget\" data-e-type=\"widget\" data-widget_type=\"icon-box.default\">\n\t\t\t\t<div class=\"elementor-widget-container\">\n\t\t\t\t\t            <div class=\"elementor-icon-box-wrapper \">\r\n                                                        <div class=\"elementor-icon-box-icon\">\r\n                        <span class=\"elementor-icon elementor-animation-\" >\r\n                        <svg aria-hidden=\"true\" class=\"e-font-icon-svg e-fas-bullhorn\" viewBox=\"0 0 576 512\" xmlns=\"http:\/\/www.w3.org\/2000\/svg\"><path d=\"M576 240c0-23.63-12.95-44.04-32-55.12V32.01C544 23.26 537.02 0 512 0c-7.12 0-14.19 2.38-19.98 7.02l-85.03 68.03C364.28 109.19 310.66 128 256 128H64c-35.35 0-64 28.65-64 64v96c0 35.35 28.65 64 64 64h33.7c-1.39 10.48-2.18 21.14-2.18 32 0 39.77 9.26 77.35 25.56 110.94 5.19 10.69 16.52 17.06 28.4 17.06h74.28c26.05 0 41.69-29.84 25.9-50.56-16.4-21.52-26.15-48.36-26.15-77.44 0-11.11 1.62-21.79 4.41-32H256c54.66 0 108.28 18.81 150.98 52.95l85.03 68.03a32.023 32.023 0 0 0 19.98 7.02c24.92 0 32-22.78 32-32V295.13C563.05 284.04 576 263.63 576 240zm-96 141.42l-33.05-26.44C392.95 311.78 325.12 288 256 288v-96c69.12 0 136.95-23.78 190.95-66.98L480 98.58v282.84z\"><\/path><\/svg>                        <\/span>\r\n                    <\/div>\r\n                                     \r\n                <div class=\"elementor-icon-box-content\">\r\n                                       <h3 class=\"elementor-icon-box-title \">\r\n                        <span   style=\"display:block;\">\r\n                       \r\n                         \u00d6zel teklifler                        <\/span>\r\n                    <\/h3>\r\n                                    <\/div>\r\n            <\/div>\r\n            \t\t\t\t<\/div>\n\t\t\t\t<\/div>\n\t\t\t\t<div class=\"elementor-element elementor-element-0c6cef9 elementor-widget elementor-widget-heading\" data-id=\"0c6cef9\" data-element_type=\"widget\" data-e-type=\"widget\" data-widget_type=\"heading.default\">\n\t\t\t\t<div class=\"elementor-widget-container\">\n\t\t\t\t\t<h2 class=\"elementor-heading-title elementor-size-default\">03<\/h2>\t\t\t\t<\/div>\n\t\t\t\t<\/div>\n\t\t\t\t<\/div>\n\t\t\t\t<\/div>\n\t\t<div class=\"elementor-element elementor-element-562896b e-con-full e-flex e-con e-child\" data-id=\"562896b\" data-element_type=\"container\" data-e-type=\"container\">\n\t\t<div class=\"elementor-element elementor-element-487d3a2 e-grid e-con-full e-con e-child\" data-id=\"487d3a2\" data-element_type=\"container\" data-e-type=\"container\">\n\t\t\t\t<div class=\"elementor-element elementor-element-1aca6a0 elementor-view-default elementor-mobile-position-top elementor-vertical-align-top elementor-widget elementor-widget-icon-box\" data-id=\"1aca6a0\" data-element_type=\"widget\" data-e-type=\"widget\" data-widget_type=\"icon-box.default\">\n\t\t\t\t<div class=\"elementor-widget-container\">\n\t\t\t\t\t            <div class=\"elementor-icon-box-wrapper \">\r\n                                                        <div class=\"elementor-icon-box-icon\">\r\n                        <span class=\"elementor-icon elementor-animation-\" >\r\n                        <svg aria-hidden=\"true\" class=\"e-font-icon-svg e-fas-headset\" viewBox=\"0 0 512 512\" xmlns=\"http:\/\/www.w3.org\/2000\/svg\"><path d=\"M192 208c0-17.67-14.33-32-32-32h-16c-35.35 0-64 28.65-64 64v48c0 35.35 28.65 64 64 64h16c17.67 0 32-14.33 32-32V208zm176 144c35.35 0 64-28.65 64-64v-48c0-35.35-28.65-64-64-64h-16c-17.67 0-32 14.33-32 32v112c0 17.67 14.33 32 32 32h16zM256 0C113.18 0 4.58 118.83 0 256v16c0 8.84 7.16 16 16 16h16c8.84 0 16-7.16 16-16v-16c0-114.69 93.31-208 208-208s208 93.31 208 208h-.12c.08 2.43.12 165.72.12 165.72 0 23.35-18.93 42.28-42.28 42.28H320c0-26.51-21.49-48-48-48h-32c-26.51 0-48 21.49-48 48s21.49 48 48 48h181.72c49.86 0 90.28-40.42 90.28-90.28V256C507.42 118.83 398.82 0 256 0z\"><\/path><\/svg>                        <\/span>\r\n                    <\/div>\r\n                                     \r\n                <div class=\"elementor-icon-box-content\">\r\n                                       <h3 class=\"elementor-icon-box-title \">\r\n                        <span   style=\"display:block;\">\r\n                       \r\n                         Destek 7\/24 mevcuttur.                        <\/span>\r\n                    <\/h3>\r\n                                    <\/div>\r\n            <\/div>\r\n            \t\t\t\t<\/div>\n\t\t\t\t<\/div>\n\t\t\t\t<div class=\"elementor-element elementor-element-88864fb elementor-widget elementor-widget-heading\" data-id=\"88864fb\" data-element_type=\"widget\" data-e-type=\"widget\" data-widget_type=\"heading.default\">\n\t\t\t\t<div class=\"elementor-widget-container\">\n\t\t\t\t\t<h2 class=\"elementor-heading-title elementor-size-default\">04<\/h2>\t\t\t\t<\/div>\n\t\t\t\t<\/div>\n\t\t\t\t<\/div>\n\t\t\t\t<\/div>\n\t\t\t\t<\/div>\n\t\t\t\t\t<\/div>\n\t\t\t\t<\/div>\n\t\t<div class=\"elementor-element elementor-element-c5c01aa e-grid e-con-full e-con e-child\" data-id=\"c5c01aa\" data-element_type=\"container\" data-e-type=\"container\" data-settings=\"{&quot;background_background&quot;:&quot;classic&quot;}\">\n\t\t<div class=\"elementor-element elementor-element-4b04ab5 e-con-full e-flex e-con e-child\" data-id=\"4b04ab5\" data-element_type=\"container\" data-e-type=\"container\">\n\t\t\t\t<div class=\"elementor-element elementor-element-75f3a7f elementor-headline--style-highlight elementor-widget elementor-widget-animated-headline\" data-id=\"75f3a7f\" data-element_type=\"widget\" data-e-type=\"widget\" data-settings=\"{&quot;highlighted_text&quot;:&quot;U\\u00e7un&quot;,&quot;headline_style&quot;:&quot;highlight&quot;,&quot;marker&quot;:&quot;circle&quot;,&quot;loop&quot;:&quot;yes&quot;,&quot;highlight_animation_duration&quot;:1200,&quot;highlight_iteration_delay&quot;:8000}\" data-widget_type=\"animated-headline.default\">\n\t\t\t\t<div class=\"elementor-widget-container\">\n\t\t\t\t\t\t\t<h3 class=\"elementor-headline\">\n\t\t\t\t\t<span class=\"elementor-headline-plain-text elementor-headline-text-wrapper\">G\u00fcvenle <\/span>\n\t\t\t\t<span class=\"elementor-headline-dynamic-wrapper elementor-headline-text-wrapper\">\n\t\t\t\t\t<span class=\"elementor-headline-dynamic-text elementor-headline-text-active\">U\u00e7un<\/span>\n\t\t\t\t<\/span>\n\t\t\t\t<\/h3>\n\t\t\t\t\t\t<\/div>\n\t\t\t\t<\/div>\n\t\t\t\t<div class=\"elementor-element elementor-element-b892030 elementor-widget elementor-widget-text-editor\" data-id=\"b892030\" data-element_type=\"widget\" data-e-type=\"widget\" data-widget_type=\"text-editor.default\">\n\t\t\t\t<div class=\"elementor-widget-container\">\n\t\t\t\t\t\t\t\t\tM\u00fckemmel u\u00e7u\u015fu bulmak zor olabilir, ancak biz bunu kolayla\u015ft\u0131r\u0131yoruz. En uygun rotalar\u0131 ve en iyi fiyatlar\u0131 bulmak i\u00e7in sizi geni\u015f bir yerli ve uluslararas\u0131 havayolu a\u011f\u0131na ba\u011fl\u0131yoruz. \u0130ster son dakika k\u0131sa bir ka\u00e7amak, ister uzun mesafeli bir yolculuk planl\u0131yor olun, hizmetimiz sonsuz arama yapmadan ger\u00e7ek zamanl\u0131 m\u00fcsaitlik ve rekabet\u00e7i fiyatlar sunar. Hedefinize odaklan\u0131n; sizi oraya ula\u015ft\u0131rmay\u0131 biz hallederiz.     \t\t\t\t\t\t\t\t<\/div>\n\t\t\t\t<\/div>\n\t\t\t\t<\/div>\n\t\t<div class=\"elementor-element elementor-element-99741aa e-con-full e-flex e-con e-child\" data-id=\"99741aa\" data-element_type=\"container\" data-e-type=\"container\" data-settings=\"{&quot;background_background&quot;:&quot;video&quot;,&quot;background_video_start&quot;:4,&quot;background_play_on_mobile&quot;:&quot;yes&quot;}\">\n\t\t\t\t<div class=\"elementor-element elementor-element-03171e4 elementor-widget elementor-widget-image\" data-id=\"03171e4\" data-element_type=\"widget\" data-e-type=\"widget\" data-widget_type=\"image.default\">\n\t\t\t\t<div class=\"elementor-widget-container\">\n\t\t\t\t\t\t\t\t\t\t\t\t\t\t\t<img fetchpriority=\"high\" decoding=\"async\" width=\"1920\" height=\"1280\" src=\"https:\/\/amarnatravel.com\/wp-content\/uploads\/2025\/12\/2227112720_f.jpg\" class=\"attachment-full size-full wp-image-14269\" alt=\"\" srcset=\"https:\/\/amarnatravel.com\/wp-content\/uploads\/2025\/12\/2227112720_f.jpg 1920w, https:\/\/amarnatravel.com\/wp-content\/uploads\/2025\/12\/2227112720_f-768x512.jpg 768w, https:\/\/amarnatravel.com\/wp-content\/uploads\/2025\/12\/2227112720_f-600x400.jpg 600w\" sizes=\"(max-width: 1920px) 100vw, 1920px\" \/>\t\t\t\t\t\t\t\t\t\t\t\t\t\t\t<\/div>\n\t\t\t\t<\/div>\n\t\t\t\t<\/div>\n\t\t\t\t<\/div>\n\t\t<div class=\"elementor-element elementor-element-fa719f0 e-flex e-con-boxed e-con e-parent\" data-id=\"fa719f0\" data-element_type=\"container\" data-e-type=\"container\">\n\t\t\t\t\t<div class=\"e-con-inner\">\n\t\t\t\t<div class=\"elementor-element elementor-element-f38804b elementor-widget elementor-widget-heading\" data-id=\"f38804b\" data-element_type=\"widget\" data-e-type=\"widget\" data-widget_type=\"heading.default\">\n\t\t\t\t<div class=\"elementor-widget-container\">\n\t\t\t\t\t<h2 class=\"elementor-heading-title elementor-size-default\">_Gezilerimiz\n_<\/h2>\t\t\t\t<\/div>\n\t\t\t\t<\/div>\n\t\t\t\t<div class=\"elementor-element elementor-element-bbf9067 elementor-widget elementor-widget-st_list_service\" data-id=\"bbf9067\" data-element_type=\"widget\" data-e-type=\"widget\" data-settings=\"{&quot;type_form&quot;:&quot;single&quot;,&quot;order&quot;:&quot;ASC&quot;,&quot;item_row&quot;:&quot;3&quot;}\" data-widget_type=\"st_list_service.default\">\n\t\t\t\t<div class=\"elementor-widget-container\">\n\t\t\t\t\t<div class=\"st-list-service grid style_1\"\r\n     >\r\n    <div class=\"map-content-loading\">\r\n    <div class=\"st-loader\"><\/div>\r\n<\/div>        <div class=\"multi-service-wrapper\">\r\n        <div class=\"tab-content st_tours\"><div class=\"service-list-wrapper row\"><\/div><\/div>\r\n    <\/div>\r\n<\/div>\r\n\t\t\t\t<\/div>\n\t\t\t\t<\/div>\n\t\t\t\t\t<\/div>\n\t\t\t\t<\/div>\n\t\t\t\t<\/div>\n\t\t","protected":false},"excerpt":{"rendered":"<p>sorunsuz planlama 01 Yerel deneyim 02 \u00d6zel teklifler 03 Destek 7\/24 mevcuttur. 04 G\u00fcvenle U\u00e7un M\u00fckemmel u\u00e7u\u015fu bulmak zor olabilir, ancak biz bunu kolayla\u015ft\u0131r\u0131yoruz. En uygun rotalar\u0131 ve en iyi fiyatlar\u0131 bulmak i\u00e7in sizi geni\u015f bir yerli ve uluslararas\u0131 havayolu a\u011f\u0131na ba\u011fl\u0131yoruz. \u0130ster son dakika k\u0131sa bir ka\u00e7amak, ister uzun mesafeli bir yolculuk planl\u0131yor olun, [&hellip;]<\/p>\n","protected":false},"author":10,"featured_media":0,"parent":0,"menu_order":0,"comment_status":"closed","ping_status":"closed","template":"elementor_header_footer","meta":{"_uf_show_specific_survey":0,"_uf_disable_surveys":false,"footnotes":""},"class_list":["post-14407","page","type-page","status-publish","has-post-thumbnail","hentry"],"_links":{"self":[{"href":"https:\/\/amarnatravel.com\/tr\/wp-json\/wp\/v2\/pages\/14407","targetHints":{"allow":["GET"]}}],"collection":[{"href":"https:\/\/amarnatravel.com\/tr\/wp-json\/wp\/v2\/pages"}],"about":[{"href":"https:\/\/amarnatravel.com\/tr\/wp-json\/wp\/v2\/types\/page"}],"author":[{"embeddable":true,"href":"https:\/\/amarnatravel.com\/tr\/wp-json\/wp\/v2\/users\/10"}],"replies":[{"embeddable":true,"href":"https:\/\/amarnatravel.com\/tr\/wp-json\/wp\/v2\/comments?post=14407"}],"version-history":[{"count":13,"href":"https:\/\/amarnatravel.com\/tr\/wp-json\/wp\/v2\/pages\/14407\/revisions"}],"predecessor-version":[{"id":16332,"href":"https:\/\/amarnatravel.com\/tr\/wp-json\/wp\/v2\/pages\/14407\/revisions\/16332"}],"wp:attachment":[{"href":"https:\/\/amarnatravel.com\/tr\/wp-json\/wp\/v2\/media?parent=14407"}],"curies":[{"name":"wp","href":"https:\/\/api.w.org\/{rel}","templated":true}]}}